{"id":12,"date":"2026-05-13T21:06:42","date_gmt":"2026-05-13T21:06:42","guid":{"rendered":"https:\/\/puntalcubano.hosting.pro-eurtec.com\/?product=puerta-enrollable-shutter-blanca"},"modified":"2026-05-13T21:06:42","modified_gmt":"2026-05-13T21:06:42","slug":"puerta-enrollable-shutter-blanca","status":"publish","type":"product","link":"https:\/\/puntalcubano.hosting.pro-eurtec.com\/?product=puerta-enrollable-shutter-blanca","title":{"rendered":"Puerta Enrollable Shutter Blanca"},"content":{"rendered":"<p>Puerta enrollable con shutter autom\u00e1tico en acabado blanco. Motor 230V, control remoto y bater\u00eda de emergencia. Instalaci\u00f3n a medida.<\/p>\n","protected":false},"excerpt":{"rendered":"<p>Enrollable autom\u00e1tica con shutter, motor 230V y control remoto.<\/p>\n","protected":false},"featured_media":13,"comment_status":"open","ping_status":"closed","template":"","meta":[],"product_brand":[],"product_cat":[16],"product_tag":[],"class_list":{"0":"post-12","1":"product","2":"type-product","3":"status-publish","4":"has-post-thumbnail","6":"product_cat-puertas-seguridad","8":"first","9":"instock","10":"sale","11":"featured","12":"shipping-taxable","13":"purchasable","14":"product-type-simple"},"_links":{"self":[{"href":"https:\/\/puntalcubano.hosting.pro-eurtec.com\/index.php?rest_route=\/wp\/v2\/product\/12","targetHints":{"allow":["GET"]}}],"collection":[{"href":"https:\/\/puntalcubano.hosting.pro-eurtec.com\/index.php?rest_route=\/wp\/v2\/product"}],"about":[{"href":"https:\/\/puntalcubano.hosting.pro-eurtec.com\/index.php?rest_route=\/wp\/v2\/types\/product"}],"replies":[{"embeddable":true,"href":"https:\/\/puntalcubano.hosting.pro-eurtec.com\/index.php?rest_route=%2Fwp%2Fv2%2Fcomments&post=12"}],"wp:featuredmedia":[{"embeddable":true,"href":"https:\/\/puntalcubano.hosting.pro-eurtec.com\/index.php?rest_route=\/wp\/v2\/media\/13"}],"wp:attachment":[{"href":"https:\/\/puntalcubano.hosting.pro-eurtec.com\/index.php?rest_route=%2Fwp%2Fv2%2Fmedia&parent=12"}],"wp:term":[{"taxonomy":"product_brand","embeddable":true,"href":"https:\/\/puntalcubano.hosting.pro-eurtec.com\/index.php?rest_route=%2Fwp%2Fv2%2Fproduct_brand&post=12"},{"taxonomy":"product_cat","embeddable":true,"href":"https:\/\/puntalcubano.hosting.pro-eurtec.com\/index.php?rest_route=%2Fwp%2Fv2%2Fproduct_cat&post=12"},{"taxonomy":"product_tag","embeddable":true,"href":"https:\/\/puntalcubano.hosting.pro-eurtec.com\/index.php?rest_route=%2Fwp%2Fv2%2Fproduct_tag&post=12"}],"curies":[{"name":"wp","href":"https:\/\/api.w.org\/{rel}","templated":true}]}}