{"id":26,"date":"2026-05-13T21:06:44","date_gmt":"2026-05-13T21:06:44","guid":{"rendered":"https:\/\/puntalcubano.hosting.pro-eurtec.com\/?product=losa-porcelanato-600x600-%c2%b7-onyx-translucido"},"modified":"2026-05-13T21:06:44","modified_gmt":"2026-05-13T21:06:44","slug":"losa-porcelanato-600x600-%c2%b7-onyx-translucido","status":"publish","type":"product","link":"https:\/\/puntalcubano.hosting.pro-eurtec.com\/?product=losa-porcelanato-600x600-%c2%b7-onyx-translucido","title":{"rendered":"Losa Porcelanato 600&#215;600 \u00b7 Onyx Transl\u00facido"},"content":{"rendered":"<p>Efecto \u00f3nix transl\u00facido. Acabado premium para ba\u00f1os y zonas SPA.<\/p>\n","protected":false},"excerpt":{"rendered":"<p>\u00d3nix transl\u00facido premium.<\/p>\n","protected":false},"featured_media":27,"comment_status":"open","ping_status":"closed","template":"","meta":[],"product_brand":[],"product_cat":[17],"product_tag":[],"class_list":{"0":"post-26","1":"product","2":"type-product","3":"status-publish","4":"has-post-thumbnail","6":"product_cat-suelos","8":"first","9":"instock","10":"featured","11":"shipping-taxable","12":"purchasable","13":"product-type-simple"},"_links":{"self":[{"href":"https:\/\/puntalcubano.hosting.pro-eurtec.com\/index.php?rest_route=\/wp\/v2\/product\/26","targetHints":{"allow":["GET"]}}],"collection":[{"href":"https:\/\/puntalcubano.hosting.pro-eurtec.com\/index.php?rest_route=\/wp\/v2\/product"}],"about":[{"href":"https:\/\/puntalcubano.hosting.pro-eurtec.com\/index.php?rest_route=\/wp\/v2\/types\/product"}],"replies":[{"embeddable":true,"href":"https:\/\/puntalcubano.hosting.pro-eurtec.com\/index.php?rest_route=%2Fwp%2Fv2%2Fcomments&post=26"}],"wp:featuredmedia":[{"embeddable":true,"href":"https:\/\/puntalcubano.hosting.pro-eurtec.com\/index.php?rest_route=\/wp\/v2\/media\/27"}],"wp:attachment":[{"href":"https:\/\/puntalcubano.hosting.pro-eurtec.com\/index.php?rest_route=%2Fwp%2Fv2%2Fmedia&parent=26"}],"wp:term":[{"taxonomy":"product_brand","embeddable":true,"href":"https:\/\/puntalcubano.hosting.pro-eurtec.com\/index.php?rest_route=%2Fwp%2Fv2%2Fproduct_brand&post=26"},{"taxonomy":"product_cat","embeddable":true,"href":"https:\/\/puntalcubano.hosting.pro-eurtec.com\/index.php?rest_route=%2Fwp%2Fv2%2Fproduct_cat&post=26"},{"taxonomy":"product_tag","embeddable":true,"href":"https:\/\/puntalcubano.hosting.pro-eurtec.com\/index.php?rest_route=%2Fwp%2Fv2%2Fproduct_tag&post=26"}],"curies":[{"name":"wp","href":"https:\/\/api.w.org\/{rel}","templated":true}]}}