{"id":40,"date":"2026-05-13T21:06:47","date_gmt":"2026-05-13T21:06:47","guid":{"rendered":"https:\/\/puntalcubano.hosting.pro-eurtec.com\/?product=fregadero-inteligente-negro-metalico"},"modified":"2026-05-13T21:06:47","modified_gmt":"2026-05-13T21:06:47","slug":"fregadero-inteligente-negro-metalico","status":"publish","type":"product","link":"https:\/\/puntalcubano.hosting.pro-eurtec.com\/?product=fregadero-inteligente-negro-metalico","title":{"rendered":"Fregadero Inteligente \u2014 Negro Met\u00e1lico"},"content":{"rendered":"<p>Acabado negro met\u00e1lico antihuellas. Doble cubeta independiente con grifer\u00eda de cuello alto y modos eficientes de fregado.<\/p>\n","protected":false},"excerpt":{"rendered":"<p>Acabado negro met\u00e1lico antihuellas.<\/p>\n","protected":false},"featured_media":41,"comment_status":"open","ping_status":"closed","template":"","meta":[],"product_brand":[],"product_cat":[19],"product_tag":[],"class_list":{"0":"post-40","1":"product","2":"type-product","3":"status-publish","4":"has-post-thumbnail","6":"product_cat-cocinas","8":"first","9":"instock","10":"shipping-taxable","11":"purchasable","12":"product-type-simple"},"_links":{"self":[{"href":"https:\/\/puntalcubano.hosting.pro-eurtec.com\/index.php?rest_route=\/wp\/v2\/product\/40","targetHints":{"allow":["GET"]}}],"collection":[{"href":"https:\/\/puntalcubano.hosting.pro-eurtec.com\/index.php?rest_route=\/wp\/v2\/product"}],"about":[{"href":"https:\/\/puntalcubano.hosting.pro-eurtec.com\/index.php?rest_route=\/wp\/v2\/types\/product"}],"replies":[{"embeddable":true,"href":"https:\/\/puntalcubano.hosting.pro-eurtec.com\/index.php?rest_route=%2Fwp%2Fv2%2Fcomments&post=40"}],"wp:featuredmedia":[{"embeddable":true,"href":"https:\/\/puntalcubano.hosting.pro-eurtec.com\/index.php?rest_route=\/wp\/v2\/media\/41"}],"wp:attachment":[{"href":"https:\/\/puntalcubano.hosting.pro-eurtec.com\/index.php?rest_route=%2Fwp%2Fv2%2Fmedia&parent=40"}],"wp:term":[{"taxonomy":"product_brand","embeddable":true,"href":"https:\/\/puntalcubano.hosting.pro-eurtec.com\/index.php?rest_route=%2Fwp%2Fv2%2Fproduct_brand&post=40"},{"taxonomy":"product_cat","embeddable":true,"href":"https:\/\/puntalcubano.hosting.pro-eurtec.com\/index.php?rest_route=%2Fwp%2Fv2%2Fproduct_cat&post=40"},{"taxonomy":"product_tag","embeddable":true,"href":"https:\/\/puntalcubano.hosting.pro-eurtec.com\/index.php?rest_route=%2Fwp%2Fv2%2Fproduct_tag&post=40"}],"curies":[{"name":"wp","href":"https:\/\/api.w.org\/{rel}","templated":true}]}}