{"id":56,"date":"2026-05-13T21:06:51","date_gmt":"2026-05-13T21:06:51","guid":{"rendered":"https:\/\/puntalcubano.hosting.pro-eurtec.com\/?product=lavamanos-de-pedestal"},"modified":"2026-05-13T21:06:51","modified_gmt":"2026-05-13T21:06:51","slug":"lavamanos-de-pedestal","status":"publish","type":"product","link":"https:\/\/puntalcubano.hosting.pro-eurtec.com\/?product=lavamanos-de-pedestal","title":{"rendered":"Lavamanos de Pedestal"},"content":{"rendered":"<p>Lavamanos de cer\u00e1mica con pedestal. Dise\u00f1o limpio que se adapta a ba\u00f1os peque\u00f1os o grandes. Incluye plantilla de fijaci\u00f3n.<\/p>\n","protected":false},"excerpt":{"rendered":"<p>Cer\u00e1mica \u00b7 pedestal \u00b7 dise\u00f1o minimalista.<\/p>\n","protected":false},"featured_media":57,"comment_status":"open","ping_status":"closed","template":"","meta":[],"product_brand":[],"product_cat":[20],"product_tag":[],"class_list":{"0":"post-56","1":"product","2":"type-product","3":"status-publish","4":"has-post-thumbnail","6":"product_cat-banos","8":"first","9":"instock","10":"shipping-taxable","11":"purchasable","12":"product-type-simple"},"_links":{"self":[{"href":"https:\/\/puntalcubano.hosting.pro-eurtec.com\/index.php?rest_route=\/wp\/v2\/product\/56","targetHints":{"allow":["GET"]}}],"collection":[{"href":"https:\/\/puntalcubano.hosting.pro-eurtec.com\/index.php?rest_route=\/wp\/v2\/product"}],"about":[{"href":"https:\/\/puntalcubano.hosting.pro-eurtec.com\/index.php?rest_route=\/wp\/v2\/types\/product"}],"replies":[{"embeddable":true,"href":"https:\/\/puntalcubano.hosting.pro-eurtec.com\/index.php?rest_route=%2Fwp%2Fv2%2Fcomments&post=56"}],"wp:featuredmedia":[{"embeddable":true,"href":"https:\/\/puntalcubano.hosting.pro-eurtec.com\/index.php?rest_route=\/wp\/v2\/media\/57"}],"wp:attachment":[{"href":"https:\/\/puntalcubano.hosting.pro-eurtec.com\/index.php?rest_route=%2Fwp%2Fv2%2Fmedia&parent=56"}],"wp:term":[{"taxonomy":"product_brand","embeddable":true,"href":"https:\/\/puntalcubano.hosting.pro-eurtec.com\/index.php?rest_route=%2Fwp%2Fv2%2Fproduct_brand&post=56"},{"taxonomy":"product_cat","embeddable":true,"href":"https:\/\/puntalcubano.hosting.pro-eurtec.com\/index.php?rest_route=%2Fwp%2Fv2%2Fproduct_cat&post=56"},{"taxonomy":"product_tag","embeddable":true,"href":"https:\/\/puntalcubano.hosting.pro-eurtec.com\/index.php?rest_route=%2Fwp%2Fv2%2Fproduct_tag&post=56"}],"curies":[{"name":"wp","href":"https:\/\/api.w.org\/{rel}","templated":true}]}}