{"id":60,"date":"2026-05-13T21:06:52","date_gmt":"2026-05-13T21:06:52","guid":{"rendered":"https:\/\/puntalcubano.hosting.pro-eurtec.com\/?product=jacuzzi-hidromasaje-doble"},"modified":"2026-05-13T21:06:52","modified_gmt":"2026-05-13T21:06:52","slug":"jacuzzi-hidromasaje-doble","status":"publish","type":"product","link":"https:\/\/puntalcubano.hosting.pro-eurtec.com\/?product=jacuzzi-hidromasaje-doble","title":{"rendered":"Jacuzzi Hidromasaje Doble"},"content":{"rendered":"<p>Ba\u00f1era de hidromasaje para dos personas. M\u00faltiples jets, cabeceros ergon\u00f3micos y grifer\u00eda integrada. Ideal para SPA, hostales y uso dom\u00e9stico.<\/p>\n","protected":false},"excerpt":{"rendered":"<p>Hidromasaje 2 personas \u00b7 jets \u00b7 cabeceros.<\/p>\n","protected":false},"featured_media":61,"comment_status":"open","ping_status":"closed","template":"","meta":[],"product_brand":[],"product_cat":[21],"product_tag":[],"class_list":{"0":"post-60","1":"product","2":"type-product","3":"status-publish","4":"has-post-thumbnail","6":"product_cat-piscinas","8":"first","9":"instock","10":"sale","11":"shipping-taxable","12":"purchasable","13":"product-type-simple"},"_links":{"self":[{"href":"https:\/\/puntalcubano.hosting.pro-eurtec.com\/index.php?rest_route=\/wp\/v2\/product\/60","targetHints":{"allow":["GET"]}}],"collection":[{"href":"https:\/\/puntalcubano.hosting.pro-eurtec.com\/index.php?rest_route=\/wp\/v2\/product"}],"about":[{"href":"https:\/\/puntalcubano.hosting.pro-eurtec.com\/index.php?rest_route=\/wp\/v2\/types\/product"}],"replies":[{"embeddable":true,"href":"https:\/\/puntalcubano.hosting.pro-eurtec.com\/index.php?rest_route=%2Fwp%2Fv2%2Fcomments&post=60"}],"wp:featuredmedia":[{"embeddable":true,"href":"https:\/\/puntalcubano.hosting.pro-eurtec.com\/index.php?rest_route=\/wp\/v2\/media\/61"}],"wp:attachment":[{"href":"https:\/\/puntalcubano.hosting.pro-eurtec.com\/index.php?rest_route=%2Fwp%2Fv2%2Fmedia&parent=60"}],"wp:term":[{"taxonomy":"product_brand","embeddable":true,"href":"https:\/\/puntalcubano.hosting.pro-eurtec.com\/index.php?rest_route=%2Fwp%2Fv2%2Fproduct_brand&post=60"},{"taxonomy":"product_cat","embeddable":true,"href":"https:\/\/puntalcubano.hosting.pro-eurtec.com\/index.php?rest_route=%2Fwp%2Fv2%2Fproduct_cat&post=60"},{"taxonomy":"product_tag","embeddable":true,"href":"https:\/\/puntalcubano.hosting.pro-eurtec.com\/index.php?rest_route=%2Fwp%2Fv2%2Fproduct_tag&post=60"}],"curies":[{"name":"wp","href":"https:\/\/api.w.org\/{rel}","templated":true}]}}